{"id":523,"date":"2018-03-20T10:39:15","date_gmt":"2018-03-20T09:39:15","guid":{"rendered":"http:\/\/scandhock.com\/?page_id=523"},"modified":"2024-08-24T08:36:28","modified_gmt":"2024-08-24T06:36:28","slug":"home","status":"publish","type":"page","link":"https:\/\/scandhock.com\/en\/","title":{"rendered":"Home"},"content":{"rendered":"<p>Detta \u00e4r en exempelsida. Den skiljer sig fr\u00e5n ett blogginl\u00e4gg genom att den finns kvar p\u00e5 samma plats och troligen kommer att synas i din webbplatsnavigering (i de flesta teman). De flesta b\u00f6rjar med en Om-sida som presenterar dem f\u00f6r potentiella bes\u00f6kare. Den skulle t.ex kunna ha f\u00f6ljande inneh\u00e5ll:<\/p>\n<blockquote><p>Hej d\u00e4r! Jag \u00e4r cykelbud p\u00e5 dagen, blivande sk\u00e5despelare p\u00e5 natten och detta \u00e4r min blogg. Jag bor i \u00d6rebro, har en katt som heter Lurv och jag gillar Pina Coladas. (och att simma i G\u00f6ta kanal).<\/p><\/blockquote>\n<p>&#8230; eller n\u00e5got liknande detta:<\/p>\n<blockquote><p>F\u00f6retaget AB grundades 1971 och har sedan dess varit den st\u00f6rsta leverant\u00f6ren av grunk-manicker p\u00e5 den svenska marknaden. FAB finns i utkanten av Gr\u00f6nk\u00f6ping, har drygt 20000 anst\u00e4llda och l\u00e4ser veckobladet varje \u00e5r.<\/p><\/blockquote>\n<p>Som ny WordPress-anv\u00e4ndare b\u00f6r du g\u00e5 till <a href=\"http:\/\/scandinavianhockey.test\/wp-admin\/\">din adminpanel<\/a> f\u00f6r att ta bort denna sida och sedan skapa nya sidor f\u00f6r ditt inneh\u00e5ll. Ha det s\u00e5 kul!<\/p>\n","protected":false},"excerpt":{"rendered":"<p>Detta \u00e4r en exempelsida. Den skiljer sig fr\u00e5n ett blogginl\u00e4gg genom att den finns kvar p\u00e5 samma plats och troligen kommer att synas i din webbplatsnavigering (i de flesta teman). De flesta b\u00f6rjar med en Om-sida som presenterar dem f\u00f6r potentiella bes\u00f6kare. Den skulle t.ex kunna ha f\u00f6ljande inneh\u00e5ll: Hej d\u00e4r! Jag \u00e4r cykelbud p\u00e5 [&hellip;]<\/p>\n","protected":false},"author":1,"featured_media":0,"parent":0,"menu_order":0,"comment_status":"closed","ping_status":"closed","template":"","meta":{"footnotes":""},"class_list":["post-523","page","type-page","status-publish","hentry"],"yoast_head":"<!-- This site is optimized with the Yoast SEO plugin v23.5 - https:\/\/yoast.com\/wordpress\/plugins\/seo\/ -->\n<title>Your hockey career in the United States begins with us - ScandHock.com<\/title>\n<meta name=\"description\" content=\"Start your hockey career in the US with SHC. We find the right hockey team in North America for you and help you with negotiation and administration.\" \/>\n<meta name=\"robots\" content=\"index, follow, max-snippet:-1, max-image-preview:large, max-video-preview:-1\" \/>\n<link rel=\"canonical\" href=\"https:\/\/scandhock.com\/en\/\" \/>\n<meta property=\"og:locale\" content=\"en_US\" \/>\n<meta property=\"og:type\" content=\"article\" \/>\n<meta property=\"og:title\" content=\"Your hockey career in the United States begins with us - ScandHock.com\" \/>\n<meta property=\"og:description\" content=\"Start your hockey career in the US with SHC. We find the right hockey team in North America for you and help you with negotiation and administration.\" \/>\n<meta property=\"og:url\" content=\"https:\/\/scandhock.com\/en\/\" \/>\n<meta property=\"og:site_name\" content=\"Scandinavian Hockey Consulting\" \/>\n<meta property=\"article:modified_time\" content=\"2024-08-24T06:36:28+00:00\" \/>\n<meta name=\"twitter:card\" content=\"summary_large_image\" \/>\n<meta name=\"twitter:label1\" content=\"Est. reading time\" \/>\n\t<meta name=\"twitter:data1\" content=\"1 minute\" \/>\n<script type=\"application\/ld+json\" class=\"yoast-schema-graph\">{\"@context\":\"https:\/\/schema.org\",\"@graph\":[{\"@type\":\"WebPage\",\"@id\":\"https:\/\/scandhock.com\/en\/\",\"url\":\"https:\/\/scandhock.com\/en\/\",\"name\":\"Your hockey career in the United States begins with us - ScandHock.com\",\"isPartOf\":{\"@id\":\"https:\/\/scandhock.com\/#website\"},\"datePublished\":\"2018-03-20T09:39:15+00:00\",\"dateModified\":\"2024-08-24T06:36:28+00:00\",\"description\":\"Start your hockey career in the US with SHC. We find the right hockey team in North America for you and help you with negotiation and administration.\",\"breadcrumb\":{\"@id\":\"https:\/\/scandhock.com\/en\/#breadcrumb\"},\"inLanguage\":\"en-US\",\"potentialAction\":[{\"@type\":\"ReadAction\",\"target\":[\"https:\/\/scandhock.com\/en\/\"]}]},{\"@type\":\"BreadcrumbList\",\"@id\":\"https:\/\/scandhock.com\/en\/#breadcrumb\",\"itemListElement\":[{\"@type\":\"ListItem\",\"position\":1,\"name\":\"Hem\",\"item\":\"https:\/\/scandhock.com\/en\/\"},{\"@type\":\"ListItem\",\"position\":2,\"name\":\"Home\"}]},{\"@type\":\"WebSite\",\"@id\":\"https:\/\/scandhock.com\/#website\",\"url\":\"https:\/\/scandhock.com\/\",\"name\":\"Scandinavian Hockey Consulting\",\"description\":\"\u201cIf you succeed, we succeed\u201d\",\"potentialAction\":[{\"@type\":\"SearchAction\",\"target\":{\"@type\":\"EntryPoint\",\"urlTemplate\":\"https:\/\/scandhock.com\/?s={search_term_string}\"},\"query-input\":{\"@type\":\"PropertyValueSpecification\",\"valueRequired\":true,\"valueName\":\"search_term_string\"}}],\"inLanguage\":\"en-US\"}]}<\/script>\n<!-- \/ Yoast SEO plugin. -->","yoast_head_json":{"title":"Your hockey career in the United States begins with us - ScandHock.com","description":"Start your hockey career in the US with SHC. We find the right hockey team in North America for you and help you with negotiation and administration.","robots":{"index":"index","follow":"follow","max-snippet":"max-snippet:-1","max-image-preview":"max-image-preview:large","max-video-preview":"max-video-preview:-1"},"canonical":"https:\/\/scandhock.com\/en\/","og_locale":"en_US","og_type":"article","og_title":"Your hockey career in the United States begins with us - ScandHock.com","og_description":"Start your hockey career in the US with SHC. We find the right hockey team in North America for you and help you with negotiation and administration.","og_url":"https:\/\/scandhock.com\/en\/","og_site_name":"Scandinavian Hockey Consulting","article_modified_time":"2024-08-24T06:36:28+00:00","twitter_card":"summary_large_image","twitter_misc":{"Est. reading time":"1 minute"},"schema":{"@context":"https:\/\/schema.org","@graph":[{"@type":"WebPage","@id":"https:\/\/scandhock.com\/en\/","url":"https:\/\/scandhock.com\/en\/","name":"Your hockey career in the United States begins with us - ScandHock.com","isPartOf":{"@id":"https:\/\/scandhock.com\/#website"},"datePublished":"2018-03-20T09:39:15+00:00","dateModified":"2024-08-24T06:36:28+00:00","description":"Start your hockey career in the US with SHC. We find the right hockey team in North America for you and help you with negotiation and administration.","breadcrumb":{"@id":"https:\/\/scandhock.com\/en\/#breadcrumb"},"inLanguage":"en-US","potentialAction":[{"@type":"ReadAction","target":["https:\/\/scandhock.com\/en\/"]}]},{"@type":"BreadcrumbList","@id":"https:\/\/scandhock.com\/en\/#breadcrumb","itemListElement":[{"@type":"ListItem","position":1,"name":"Hem","item":"https:\/\/scandhock.com\/en\/"},{"@type":"ListItem","position":2,"name":"Home"}]},{"@type":"WebSite","@id":"https:\/\/scandhock.com\/#website","url":"https:\/\/scandhock.com\/","name":"Scandinavian Hockey Consulting","description":"\u201cIf you succeed, we succeed\u201d","potentialAction":[{"@type":"SearchAction","target":{"@type":"EntryPoint","urlTemplate":"https:\/\/scandhock.com\/?s={search_term_string}"},"query-input":{"@type":"PropertyValueSpecification","valueRequired":true,"valueName":"search_term_string"}}],"inLanguage":"en-US"}]}},"_links":{"self":[{"href":"https:\/\/scandhock.com\/en\/wp-json\/wp\/v2\/pages\/523"}],"collection":[{"href":"https:\/\/scandhock.com\/en\/wp-json\/wp\/v2\/pages"}],"about":[{"href":"https:\/\/scandhock.com\/en\/wp-json\/wp\/v2\/types\/page"}],"author":[{"embeddable":true,"href":"https:\/\/scandhock.com\/en\/wp-json\/wp\/v2\/users\/1"}],"replies":[{"embeddable":true,"href":"https:\/\/scandhock.com\/en\/wp-json\/wp\/v2\/comments?post=523"}],"version-history":[{"count":34,"href":"https:\/\/scandhock.com\/en\/wp-json\/wp\/v2\/pages\/523\/revisions"}],"predecessor-version":[{"id":2262,"href":"https:\/\/scandhock.com\/en\/wp-json\/wp\/v2\/pages\/523\/revisions\/2262"}],"wp:attachment":[{"href":"https:\/\/scandhock.com\/en\/wp-json\/wp\/v2\/media?parent=523"}],"curies":[{"name":"wp","href":"https:\/\/api.w.org\/{rel}","templated":true}]}}